{"id":16,"date":"2025-11-13T15:31:31","date_gmt":"2025-11-13T14:31:31","guid":{"rendered":"https:\/\/pinkos.pl\/?page_id=16"},"modified":"2025-11-15T22:43:52","modified_gmt":"2025-11-15T21:43:52","slug":"o-mnie","status":"publish","type":"page","link":"https:\/\/pinkos.pl\/index.php\/o-mnie\/","title":{"rendered":"O mnie"},"content":{"rendered":"\n<h2 class=\"wp-block-heading has-text-align-center\"><strong>Pawe\u0142 Pinkos<\/strong> &#8211; Data Engineer<\/h2>\n\n\n\n<div class=\"wp-block-columns is-layout-flex wp-container-core-columns-is-layout-28f84493 wp-block-columns-is-layout-flex\">\n<div class=\"wp-block-column is-layout-flow wp-block-column-is-layout-flow\" style=\"flex-basis:33.33%\">\n<figure class=\"wp-block-image size-large\"><img loading=\"lazy\" decoding=\"async\" width=\"1024\" height=\"773\" sizes=\"auto, (max-width: 253px) 100vw, 253px\" src=\"https:\/\/pinkos.pl\/wp-content\/uploads\/2025\/11\/20240830_111255-\u2014-kopia-1024x773.jpg\" alt=\"\" class=\"wp-image-41\" srcset=\"https:\/\/pinkos.pl\/wp-content\/uploads\/2025\/11\/20240830_111255-\u2014-kopia-1024x773.jpg 1024w, https:\/\/pinkos.pl\/wp-content\/uploads\/2025\/11\/20240830_111255-\u2014-kopia-300x227.jpg 300w, https:\/\/pinkos.pl\/wp-content\/uploads\/2025\/11\/20240830_111255-\u2014-kopia-768x580.jpg 768w, https:\/\/pinkos.pl\/wp-content\/uploads\/2025\/11\/20240830_111255-\u2014-kopia-1536x1160.jpg 1536w, https:\/\/pinkos.pl\/wp-content\/uploads\/2025\/11\/20240830_111255-\u2014-kopia-2048x1546.jpg 2048w\" \/><\/figure>\n<\/div>\n\n\n\n<div class=\"wp-block-column is-vertically-aligned-center is-layout-flow wp-block-column-is-layout-flow\" style=\"flex-basis:66.66%\">\n<p class=\"has-text-align-center\">Nazywam si\u0119 Pawe\u0142 Pinkos, jestem Data Engineerem z ponad 10-letnim do\u015bwiadczeniem w projektowaniu, implementacji i utrzymaniu skalowalnych potok\u00f3w danych. Moja rola koncentruje si\u0119 na budowaniu niezawodnej architektury danych, kt\u00f3ra wspiera kluczowe operacje i analityk\u0119 w przedsi\u0119biorstwach.<\/p>\n<\/div>\n<\/div>\n\n\n\n<p><\/p>\n\n\n\n<h2 class=\"wp-block-heading has-text-align-center\">Kluczowe Obszary Specjalizacji<\/h2>\n\n\n\n<h4 class=\"wp-block-heading has-text-align-center\">Architektura Big Data i Przetwarzanie Strumieniowe<\/h4>\n\n\n\n<div class=\"wp-block-columns is-layout-flex wp-container-core-columns-is-layout-28f84493 wp-block-columns-is-layout-flex\">\n<div class=\"wp-block-column is-layout-flow wp-block-column-is-layout-flow\" style=\"flex-basis:33.33%\">\n<figure class=\"wp-block-image size-full\"><img loading=\"lazy\" decoding=\"async\" width=\"1024\" height=\"1024\" sizes=\"auto, (max-width: 253px) 100vw, 253px\" src=\"https:\/\/pinkos.pl\/wp-content\/uploads\/2025\/11\/streaming.png\" alt=\"\" class=\"wp-image-98\" srcset=\"https:\/\/pinkos.pl\/wp-content\/uploads\/2025\/11\/streaming.png 1024w, https:\/\/pinkos.pl\/wp-content\/uploads\/2025\/11\/streaming-300x300.png 300w, https:\/\/pinkos.pl\/wp-content\/uploads\/2025\/11\/streaming-150x150.png 150w, https:\/\/pinkos.pl\/wp-content\/uploads\/2025\/11\/streaming-768x768.png 768w\" \/><\/figure>\n<\/div>\n\n\n\n<div class=\"wp-block-column is-vertically-aligned-center is-layout-flow wp-block-column-is-layout-flow\" style=\"flex-basis:66.66%\">\n<p class=\"has-text-align-center\">Specjalizuj\u0119 si\u0119 w systemach Big Data i przetwarzaniu zdarze\u0144 w czasie rzeczywistym (Complex Event Processing).<\/p>\n\n\n\n<ul class=\"wp-block-list\">\n<li><strong>Technologie Streamingowe:<\/strong> Ekspert w implementacji rozwi\u0105za\u0144 opartych na <strong>Kafka, Apache Storm<\/strong> i <strong>Apache Beam<\/strong>, umo\u017cliwiaj\u0105cych natychmiastow\u0105 reakcj\u0119 biznesu na nap\u0142ywaj\u0105ce dane.<\/li>\n\n\n\n<li><strong>Przetwarzanie Danych:<\/strong> Projektowanie i utrzymanie potok\u00f3w w oparciu o <strong>Spark\/Databricks<\/strong> (Scala\/Python\/Java) oraz tradycyjnych proces\u00f3w ETL\/ELT.<\/li>\n\n\n\n<li><strong>Repozytoria Danych:<\/strong> Do\u015bwiadczenie w budowaniu baz danych, data mart\u00f3w oraz nowoczesnych rozwi\u0105za\u0144 na platformach chmurowych.<\/li>\n<\/ul>\n<\/div>\n<\/div>\n\n\n\n<p><\/p>\n\n\n\n<h4 class=\"wp-block-heading has-text-align-center\">Cloud Computing<\/h4>\n\n\n\n<div class=\"wp-block-columns is-layout-flex wp-container-core-columns-is-layout-28f84493 wp-block-columns-is-layout-flex\">\n<div class=\"wp-block-column is-layout-flow wp-block-column-is-layout-flow\" style=\"flex-basis:33.33%\">\n<figure class=\"wp-block-image size-full\"><img loading=\"lazy\" decoding=\"async\" width=\"1024\" height=\"1024\" sizes=\"auto, (max-width: 253px) 100vw, 253px\" src=\"https:\/\/pinkos.pl\/wp-content\/uploads\/2025\/11\/cloud.png\" alt=\"\" class=\"wp-image-99\" srcset=\"https:\/\/pinkos.pl\/wp-content\/uploads\/2025\/11\/cloud.png 1024w, https:\/\/pinkos.pl\/wp-content\/uploads\/2025\/11\/cloud-300x300.png 300w, https:\/\/pinkos.pl\/wp-content\/uploads\/2025\/11\/cloud-150x150.png 150w, https:\/\/pinkos.pl\/wp-content\/uploads\/2025\/11\/cloud-768x768.png 768w\" \/><\/figure>\n<\/div>\n\n\n\n<div class=\"wp-block-column is-vertically-aligned-center is-layout-flow wp-block-column-is-layout-flow\" style=\"flex-basis:66.66%\">\n<p class=\"has-text-align-center\">Posiadam praktyczne do\u015bwiadczenie w budowaniu i zarz\u0105dzaniu \u015brodowiskami danych w chmurze publicznej.<\/p>\n\n\n\n<ul class=\"wp-block-list\">\n<li><strong>Google Cloud Platform (GCP):<\/strong> Projektowanie i utrzymanie du\u017cych potok\u00f3w danych w \u015brodowisku GCP. Posiadam wiedz\u0119 z zakresu <strong>BigQuery<\/strong>, <strong>Dataproc<\/strong>, <strong>Pub\/Sub<\/strong>.<\/li>\n\n\n\n<li><strong>Microsoft Azure:<\/strong> Wdra\u017canie proces\u00f3w ETL\/ELT przy u\u017cyciu <strong>Databricks (Spark)<\/strong> na platformie MS Azure.<\/li>\n<\/ul>\n<\/div>\n<\/div>\n\n\n\n<p><\/p>\n\n\n\n<h4 class=\"wp-block-heading has-text-align-center\">Jako\u015b\u0107 Danych i Nadz\u00f3r<\/h4>\n\n\n\n<div class=\"wp-block-columns is-layout-flex wp-container-core-columns-is-layout-28f84493 wp-block-columns-is-layout-flex\">\n<div class=\"wp-block-column is-layout-flow wp-block-column-is-layout-flow\" style=\"flex-basis:33.33%\">\n<figure class=\"wp-block-image size-full\"><img loading=\"lazy\" decoding=\"async\" width=\"1024\" height=\"1024\" sizes=\"auto, (max-width: 253px) 100vw, 253px\" src=\"https:\/\/pinkos.pl\/wp-content\/uploads\/2025\/11\/reliability.png\" alt=\"\" class=\"wp-image-110\" srcset=\"https:\/\/pinkos.pl\/wp-content\/uploads\/2025\/11\/reliability.png 1024w, https:\/\/pinkos.pl\/wp-content\/uploads\/2025\/11\/reliability-300x300.png 300w, https:\/\/pinkos.pl\/wp-content\/uploads\/2025\/11\/reliability-150x150.png 150w, https:\/\/pinkos.pl\/wp-content\/uploads\/2025\/11\/reliability-768x768.png 768w\" \/><\/figure>\n<\/div>\n\n\n\n<div class=\"wp-block-column is-vertically-aligned-center is-layout-flow wp-block-column-is-layout-flow\" style=\"flex-basis:66.66%\">\n<p class=\"has-text-align-center\">Kluczowym elementem mojej pracy jest zapewnienie wysokiej jako\u015bci danych.<\/p>\n\n\n\n<ul class=\"wp-block-list\">\n<li><strong>Data Quality:<\/strong> Projektowanie i implementacja zaawansowanych, kompleksowych rozwi\u0105za\u0144 do kontroli i walidacji jako\u015bci danych, minimalizuj\u0105cych ryzyko b\u0142\u0119dnych decyzji biznesowych.<\/li>\n\n\n\n<li><strong>DevOps dla Big Data:<\/strong> Zarz\u0105dzanie infrastruktur\u0105, utrzymanie klastr\u00f3w Apache Hadoop oraz automatyzacja zada\u0144 przy u\u017cyciu narz\u0119dzi takich jak <strong>Apache Airflow, Oozie<\/strong> i <strong>Unix\/Shell Scripting<\/strong>.<\/li>\n<\/ul>\n<\/div>\n<\/div>\n\n\n\n<p><\/p>\n\n\n\n<h3 class=\"wp-block-heading has-text-align-center\">Do\u015bwiadczenie Bran\u017cowe<\/h3>\n\n\n\n<div class=\"wp-block-columns is-layout-flex wp-container-core-columns-is-layout-28f84493 wp-block-columns-is-layout-flex\">\n<div class=\"wp-block-column is-layout-flow wp-block-column-is-layout-flow\" style=\"flex-basis:33.33%\">\n<figure class=\"wp-block-image size-full\"><img loading=\"lazy\" decoding=\"async\" width=\"1024\" height=\"1024\" sizes=\"auto, (max-width: 253px) 100vw, 253px\" src=\"https:\/\/pinkos.pl\/wp-content\/uploads\/2025\/11\/experience.png\" alt=\"\" class=\"wp-image-127\" srcset=\"https:\/\/pinkos.pl\/wp-content\/uploads\/2025\/11\/experience.png 1024w, https:\/\/pinkos.pl\/wp-content\/uploads\/2025\/11\/experience-300x300.png 300w, https:\/\/pinkos.pl\/wp-content\/uploads\/2025\/11\/experience-150x150.png 150w, https:\/\/pinkos.pl\/wp-content\/uploads\/2025\/11\/experience-768x768.png 768w\" \/><\/figure>\n<\/div>\n\n\n\n<div class=\"wp-block-column is-vertically-aligned-center is-layout-flow wp-block-column-is-layout-flow\" style=\"flex-basis:66.66%\">\n<p class=\"has-text-align-center\">Szeroki przekr\u00f3j do\u015bwiadczenia pozwala mi szybko zaadaptowa\u0107 si\u0119 do specyfiki danego sektora:<\/p>\n\n\n\n<ul class=\"wp-block-list\">\n<li><strong>E-commerce<\/strong><\/li>\n\n\n\n<li><strong>Telekomunikacja<\/strong><\/li>\n\n\n\n<li><strong>Logistyka<\/strong><\/li>\n\n\n\n<li><strong>Linie Lotnicze<\/strong><\/li>\n\n\n\n<li><strong>Rynek Wodny<\/strong><\/li>\n<\/ul>\n<\/div>\n<\/div>\n\n\n\n<p><\/p>\n\n\n\n<h3 class=\"wp-block-heading has-text-align-center\">Rozw\u00f3j i Automatyzacja<\/h3>\n\n\n\n<div class=\"wp-block-columns is-layout-flex wp-container-core-columns-is-layout-28f84493 wp-block-columns-is-layout-flex\">\n<div class=\"wp-block-column is-layout-flow wp-block-column-is-layout-flow\" style=\"flex-basis:33.33%\">\n<figure class=\"wp-block-image size-full\"><img loading=\"lazy\" decoding=\"async\" width=\"1024\" height=\"1024\" sizes=\"auto, (max-width: 253px) 100vw, 253px\" src=\"https:\/\/pinkos.pl\/wp-content\/uploads\/2025\/11\/business_automatisation.png\" alt=\"\" class=\"wp-image-70\" srcset=\"https:\/\/pinkos.pl\/wp-content\/uploads\/2025\/11\/business_automatisation.png 1024w, https:\/\/pinkos.pl\/wp-content\/uploads\/2025\/11\/business_automatisation-300x300.png 300w, https:\/\/pinkos.pl\/wp-content\/uploads\/2025\/11\/business_automatisation-150x150.png 150w, https:\/\/pinkos.pl\/wp-content\/uploads\/2025\/11\/business_automatisation-768x768.png 768w\" \/><\/figure>\n<\/div>\n\n\n\n<div class=\"wp-block-column is-vertically-aligned-center is-layout-flow wp-block-column-is-layout-flow\" style=\"flex-basis:66.66%\">\n<p class=\"has-text-align-center\">Jako Data Engineer, aktywnie rozwijam swoje kompetencje w obszarach przysz\u0142o\u015bci:<\/p>\n\n\n\n<ul class=\"wp-block-list\">\n<li><strong>Sztuczna Inteligencja (AI\/ML):<\/strong> Przygotowanie i in\u017cynieria danych pod k\u0105tem modeli Machine Learning.<\/li>\n\n\n\n<li><strong>Automatyzacja Proces\u00f3w Biznesowych:<\/strong> Wykorzystanie danych i narz\u0119dzi Big Data do automatyzowania proces\u00f3w wewn\u0119trznych i zwi\u0119kszania efektywno\u015bci operacyjnej.<\/li>\n<\/ul>\n<\/div>\n<\/div>\n\n\n\n<p><\/p>\n","protected":false},"excerpt":{"rendered":"<p>Pawe\u0142 Pinkos &#8211; Data Engineer Nazywam si\u0119 Pawe\u0142 Pinkos, jestem Data Engineerem z ponad 10-letnim do\u015bwiadczeniem w projektowaniu, implementacji i utrzymaniu skalowalnych potok\u00f3w danych. Moja rola koncentruje si\u0119 na budowaniu niezawodnej architektury danych, kt\u00f3ra wspiera kluczowe operacje i analityk\u0119 w przedsi\u0119biorstwach. Kluczowe Obszary Specjalizacji Architektura Big Data i Przetwarzanie Strumieniowe Specjalizuj\u0119 si\u0119 w systemach Big [&hellip;]<\/p>\n","protected":false},"author":2,"featured_media":0,"parent":0,"menu_order":0,"comment_status":"closed","ping_status":"closed","template":"","meta":{"footnotes":""},"class_list":["post-16","page","type-page","status-publish","hentry"],"_links":{"self":[{"href":"https:\/\/pinkos.pl\/index.php\/wp-json\/wp\/v2\/pages\/16","targetHints":{"allow":["GET"]}}],"collection":[{"href":"https:\/\/pinkos.pl\/index.php\/wp-json\/wp\/v2\/pages"}],"about":[{"href":"https:\/\/pinkos.pl\/index.php\/wp-json\/wp\/v2\/types\/page"}],"author":[{"embeddable":true,"href":"https:\/\/pinkos.pl\/index.php\/wp-json\/wp\/v2\/users\/2"}],"replies":[{"embeddable":true,"href":"https:\/\/pinkos.pl\/index.php\/wp-json\/wp\/v2\/comments?post=16"}],"version-history":[{"count":10,"href":"https:\/\/pinkos.pl\/index.php\/wp-json\/wp\/v2\/pages\/16\/revisions"}],"predecessor-version":[{"id":163,"href":"https:\/\/pinkos.pl\/index.php\/wp-json\/wp\/v2\/pages\/16\/revisions\/163"}],"wp:attachment":[{"href":"https:\/\/pinkos.pl\/index.php\/wp-json\/wp\/v2\/media?parent=16"}],"curies":[{"name":"wp","href":"https:\/\/api.w.org\/{rel}","templated":true}]}}