{"id":46,"date":"2025-11-13T16:28:50","date_gmt":"2025-11-13T15:28:50","guid":{"rendered":"https:\/\/pinkos.pl\/?page_id=46"},"modified":"2025-11-15T19:02:54","modified_gmt":"2025-11-15T18:02:54","slug":"data-engineering","status":"publish","type":"page","link":"https:\/\/pinkos.pl\/index.php\/data-engineering\/","title":{"rendered":"Data Engineering"},"content":{"rendered":"\n<div class=\"wp-block-columns is-layout-flex wp-container-core-columns-is-layout-28f84493 wp-block-columns-is-layout-flex\">\n<div class=\"wp-block-column is-layout-flow wp-block-column-is-layout-flow\" style=\"flex-basis:33.33%\">\n<figure class=\"wp-block-image size-full\"><img loading=\"lazy\" decoding=\"async\" width=\"1024\" height=\"1024\" sizes=\"auto, (max-width: 253px) 100vw, 253px\" src=\"https:\/\/pinkos.pl\/wp-content\/uploads\/2025\/11\/data_engineering.png\" alt=\"\" class=\"wp-image-72\" srcset=\"https:\/\/pinkos.pl\/wp-content\/uploads\/2025\/11\/data_engineering.png 1024w, https:\/\/pinkos.pl\/wp-content\/uploads\/2025\/11\/data_engineering-300x300.png 300w, https:\/\/pinkos.pl\/wp-content\/uploads\/2025\/11\/data_engineering-150x150.png 150w, https:\/\/pinkos.pl\/wp-content\/uploads\/2025\/11\/data_engineering-768x768.png 768w\" \/><\/figure>\n<\/div>\n\n\n\n<div class=\"wp-block-column is-vertically-aligned-center is-layout-flow wp-block-column-is-layout-flow\" style=\"flex-basis:66.66%\">\n<h1 class=\"wp-block-heading has-text-align-center\">Data Engineering<\/h1>\n\n\n\n<h2 class=\"wp-block-heading has-text-align-center\">Projektowanie i Budowa Skalowalnej Architektury Danych<\/h2>\n<\/div>\n<\/div>\n\n\n\n<h2 class=\"wp-block-heading has-text-align-center\">Dlaczego Data Engineering jest Kluczowy?<\/h2>\n\n\n\n<p class=\"has-text-align-center\">W erze cyfrowej, sukces biznesowy zale\u017cy od zdolno\u015bci do szybkiego pozyskiwania, przetwarzania i udost\u0119pniania danych. <strong>Data Engineering to fundament transformacji cyfrowej.<\/strong> Zapewniam architektur\u0119, kt\u00f3ra umo\u017cliwia:<\/p>\n\n\n\n<ul class=\"wp-block-list\">\n<li><strong>Skalowalno\u015b\u0107:<\/strong> Przygotowanie infrastruktury na ci\u0105g\u0142y wzrost wolumenu danych (Big Data).<\/li>\n\n\n\n<li><strong>Niezawodno\u015b\u0107:<\/strong> Utrzymanie stabilno\u015bci potok\u00f3w danych (pipelines) oraz minimalizowanie przestoj\u00f3w w dost\u0119pie do informacji.<\/li>\n\n\n\n<li><strong>Wydajno\u015b\u0107:<\/strong> Przetwarzanie danych z optymaln\u0105 pr\u0119dko\u015bci\u0105 \u2013 zar\u00f3wno w trybie batchowym, jak i w czasie rzeczywistym.<\/li>\n<\/ul>\n\n\n\n<p><\/p>\n\n\n\n<h2 class=\"wp-block-heading has-text-align-center\">Data Engineering<\/h2>\n\n\n\n<p><\/p>\n\n\n\n<h3 class=\"wp-block-heading has-text-align-center\">Real-Time Streaming Data processing (Przetwarzanie Strumieniowe)<\/h3>\n\n\n\n<div class=\"wp-block-columns is-layout-flex wp-container-core-columns-is-layout-28f84493 wp-block-columns-is-layout-flex\">\n<div class=\"wp-block-column is-layout-flow wp-block-column-is-layout-flow\" style=\"flex-basis:33.33%\">\n<figure class=\"wp-block-image size-full\"><img loading=\"lazy\" decoding=\"async\" width=\"1024\" height=\"1024\" sizes=\"auto, (max-width: 253px) 100vw, 253px\" src=\"https:\/\/pinkos.pl\/wp-content\/uploads\/2025\/11\/streaming.png\" alt=\"\" class=\"wp-image-98\" srcset=\"https:\/\/pinkos.pl\/wp-content\/uploads\/2025\/11\/streaming.png 1024w, https:\/\/pinkos.pl\/wp-content\/uploads\/2025\/11\/streaming-300x300.png 300w, https:\/\/pinkos.pl\/wp-content\/uploads\/2025\/11\/streaming-150x150.png 150w, https:\/\/pinkos.pl\/wp-content\/uploads\/2025\/11\/streaming-768x768.png 768w\" \/><\/figure>\n<\/div>\n\n\n\n<div class=\"wp-block-column is-vertically-aligned-center is-layout-flow wp-block-column-is-layout-flow\" style=\"flex-basis:66.66%\">\n<p class=\"has-text-align-center\">Minimalizacja op\u00f3\u017anie\u0144 (latency) i umo\u017cliwienie natychmiastowej reakcji biznesowej na zdarzenia.<\/p>\n\n\n\n<ul class=\"wp-block-list\">\n<li><strong>Complex Event Processing (CEP):<\/strong> Projektowanie system\u00f3w do analizy i przetwarzania zdarze\u0144 w czasie rzeczywistym, co jest kluczowe dla monitorowania i szybkiego reagowania.<\/li>\n\n\n\n<li><strong>Technologie:<\/strong> Implementacja solidnych potok\u00f3w danych przy u\u017cyciu wiod\u0105cych rozwi\u0105za\u0144, takich jak <strong>Apache Kafka, Apache Storm<\/strong> oraz <strong>Apache Beam<\/strong>.<\/li>\n<\/ul>\n<\/div>\n<\/div>\n\n\n\n<p><\/p>\n\n\n\n<h3 class=\"wp-block-heading has-text-align-center\">Cloud-Native Data Architecture (Architektura Chmurowa)<\/h3>\n\n\n\n<div class=\"wp-block-columns is-layout-flex wp-container-core-columns-is-layout-28f84493 wp-block-columns-is-layout-flex\">\n<div class=\"wp-block-column is-layout-flow wp-block-column-is-layout-flow\" style=\"flex-basis:33.33%\">\n<figure class=\"wp-block-image size-full\"><img loading=\"lazy\" decoding=\"async\" width=\"1024\" height=\"1024\" sizes=\"auto, (max-width: 253px) 100vw, 253px\" src=\"https:\/\/pinkos.pl\/wp-content\/uploads\/2025\/11\/cloud.png\" alt=\"\" class=\"wp-image-99\" srcset=\"https:\/\/pinkos.pl\/wp-content\/uploads\/2025\/11\/cloud.png 1024w, https:\/\/pinkos.pl\/wp-content\/uploads\/2025\/11\/cloud-300x300.png 300w, https:\/\/pinkos.pl\/wp-content\/uploads\/2025\/11\/cloud-150x150.png 150w, https:\/\/pinkos.pl\/wp-content\/uploads\/2025\/11\/cloud-768x768.png 768w\" \/><\/figure>\n<\/div>\n\n\n\n<div class=\"wp-block-column is-vertically-aligned-center is-layout-flow wp-block-column-is-layout-flow\" style=\"flex-basis:66.66%\">\n<p class=\"has-text-align-center\">Wykorzystanie pe\u0142nego potencja\u0142u chmury publicznej do skalowania, elastyczno\u015bci i optymalizacji koszt\u00f3w.<\/p>\n\n\n\n<ul class=\"wp-block-list\">\n<li><strong>Google Cloud Platform (GCP):<\/strong> Pe\u0142ne wdro\u017cenia i zarz\u0105dzanie us\u0142ugami GCP. Koncentracja na budowie Data Warehouse w <strong>BigQuery<\/strong> \u2013 od ekstrakcji danych, przez ich \u0142adowanie, a\u017c po optymalizacj\u0119 zapyta\u0144 dla analityk\u00f3w.<\/li>\n\n\n\n<li><strong>Microsoft Azure:<\/strong> Tworzenie potok\u00f3w ETL\/ELT i analitycznych przy u\u017cyciu <strong>Databricks (Spark)<\/strong> w \u015brodowisku Azure<\/li>\n<\/ul>\n<\/div>\n<\/div>\n\n\n\n<p><\/p>\n\n\n\n<h3 class=\"wp-block-heading has-text-align-center\">Big Data Processing i Transformacja (ETL\/ELT)<\/h3>\n\n\n\n<div class=\"wp-block-columns is-layout-flex wp-container-core-columns-is-layout-28f84493 wp-block-columns-is-layout-flex\">\n<div class=\"wp-block-column is-layout-flow wp-block-column-is-layout-flow\" style=\"flex-basis:33.33%\">\n<figure class=\"wp-block-image size-full\"><img loading=\"lazy\" decoding=\"async\" width=\"1024\" height=\"1024\" sizes=\"auto, (max-width: 253px) 100vw, 253px\" src=\"https:\/\/pinkos.pl\/wp-content\/uploads\/2025\/11\/data_transformation_etl.png\" alt=\"\" class=\"wp-image-100\" srcset=\"https:\/\/pinkos.pl\/wp-content\/uploads\/2025\/11\/data_transformation_etl.png 1024w, https:\/\/pinkos.pl\/wp-content\/uploads\/2025\/11\/data_transformation_etl-300x300.png 300w, https:\/\/pinkos.pl\/wp-content\/uploads\/2025\/11\/data_transformation_etl-150x150.png 150w, https:\/\/pinkos.pl\/wp-content\/uploads\/2025\/11\/data_transformation_etl-768x768.png 768w\" \/><\/figure>\n<\/div>\n\n\n\n<div class=\"wp-block-column is-vertically-aligned-center is-layout-flow wp-block-column-is-layout-flow\" style=\"flex-basis:66.66%\">\n<p class=\"has-text-align-center\">Budowa potok\u00f3w przetwarzaj\u0105cych du\u017ce wolumeny danych (Big Data) w trybie batchowym i strumieniowym.<\/p>\n\n\n\n<ul class=\"wp-block-list\">\n<li><strong>Frameworki:<\/strong> U\u017cycie <strong>Apache Spark<\/strong> w j\u0119zykach <strong>Scala, Python<\/strong> oraz <strong>DBT<\/strong> do efektywnej transformacji danych (ETL\/ELT) i zaawansowanych oblicze\u0144.<\/li>\n\n\n\n<li><strong>Orkiestracja i Kontrola:<\/strong> Automatyzacja, planowanie i monitorowanie zada\u0144 z wykorzystaniem <strong>Apache Airflow<\/strong> <strong>(Composer)<\/strong> i <strong>Oozie<\/strong>, co zapewnia stabilno\u015b\u0107 i powtarzalno\u015b\u0107 proces\u00f3w.<\/li>\n\n\n\n<li><strong>Repozytoria Danych:<\/strong> Projektowanie i budowa baz danych, data mart\u00f3w oraz skalowalnych rozwi\u0105za\u0144 opartych na <strong>BigQuery<\/strong>, <strong>Databricks<\/strong>, <strong>Apache Hadoop<\/strong> czy <strong>Hive<\/strong>.<\/li>\n<\/ul>\n<\/div>\n<\/div>\n","protected":false},"excerpt":{"rendered":"<p>Data Engineering Projektowanie i Budowa Skalowalnej Architektury Danych Dlaczego Data Engineering jest Kluczowy? W erze cyfrowej, sukces biznesowy zale\u017cy od zdolno\u015bci do szybkiego pozyskiwania, przetwarzania i udost\u0119pniania danych. Data Engineering to fundament transformacji cyfrowej. Zapewniam architektur\u0119, kt\u00f3ra umo\u017cliwia: Data Engineering Real-Time Streaming Data processing (Przetwarzanie Strumieniowe) Minimalizacja op\u00f3\u017anie\u0144 (latency) i umo\u017cliwienie natychmiastowej reakcji biznesowej na [&hellip;]<\/p>\n","protected":false},"author":2,"featured_media":0,"parent":0,"menu_order":0,"comment_status":"closed","ping_status":"closed","template":"","meta":{"footnotes":""},"class_list":["post-46","page","type-page","status-publish","hentry"],"_links":{"self":[{"href":"https:\/\/pinkos.pl\/index.php\/wp-json\/wp\/v2\/pages\/46","targetHints":{"allow":["GET"]}}],"collection":[{"href":"https:\/\/pinkos.pl\/index.php\/wp-json\/wp\/v2\/pages"}],"about":[{"href":"https:\/\/pinkos.pl\/index.php\/wp-json\/wp\/v2\/types\/page"}],"author":[{"embeddable":true,"href":"https:\/\/pinkos.pl\/index.php\/wp-json\/wp\/v2\/users\/2"}],"replies":[{"embeddable":true,"href":"https:\/\/pinkos.pl\/index.php\/wp-json\/wp\/v2\/comments?post=46"}],"version-history":[{"count":8,"href":"https:\/\/pinkos.pl\/index.php\/wp-json\/wp\/v2\/pages\/46\/revisions"}],"predecessor-version":[{"id":103,"href":"https:\/\/pinkos.pl\/index.php\/wp-json\/wp\/v2\/pages\/46\/revisions\/103"}],"wp:attachment":[{"href":"https:\/\/pinkos.pl\/index.php\/wp-json\/wp\/v2\/media?parent=46"}],"curies":[{"name":"wp","href":"https:\/\/api.w.org\/{rel}","templated":true}]}}