{"id":52,"date":"2025-11-13T17:01:16","date_gmt":"2025-11-13T16:01:16","guid":{"rendered":"https:\/\/pinkos.pl\/?page_id=52"},"modified":"2025-11-15T22:47:45","modified_gmt":"2025-11-15T21:47:45","slug":"data-quality","status":"publish","type":"page","link":"https:\/\/pinkos.pl\/index.php\/data-quality\/","title":{"rendered":"Data Quality"},"content":{"rendered":"\n<h1 class=\"wp-block-heading\"><\/h1>\n\n\n\n<h2 class=\"wp-block-heading has-text-align-center\">Niezawodno\u015b\u0107 jako Fundament Decyzji Biznesowych<\/h2>\n\n\n\n<div class=\"wp-block-columns are-vertically-aligned-center is-layout-flex wp-container-core-columns-is-layout-28f84493 wp-block-columns-is-layout-flex\">\n<div class=\"wp-block-column is-vertically-aligned-center is-layout-flow wp-block-column-is-layout-flow\" style=\"flex-basis:33.33%\">\n<figure class=\"wp-block-image size-full\"><img loading=\"lazy\" decoding=\"async\" width=\"1024\" height=\"1024\" sizes=\"auto, (max-width: 253px) 100vw, 253px\" src=\"https:\/\/pinkos.pl\/wp-content\/uploads\/2025\/11\/data_quality.png\" alt=\"\" class=\"wp-image-71\" srcset=\"https:\/\/pinkos.pl\/wp-content\/uploads\/2025\/11\/data_quality.png 1024w, https:\/\/pinkos.pl\/wp-content\/uploads\/2025\/11\/data_quality-300x300.png 300w, https:\/\/pinkos.pl\/wp-content\/uploads\/2025\/11\/data_quality-150x150.png 150w, https:\/\/pinkos.pl\/wp-content\/uploads\/2025\/11\/data_quality-768x768.png 768w\" \/><\/figure>\n<\/div>\n\n\n\n<div class=\"wp-block-column is-vertically-aligned-center is-layout-flow wp-block-column-is-layout-flow\" style=\"flex-basis:66.66%\">\n<p class=\"has-text-align-center\">Dane stanowi\u0105 si\u0142\u0119 nap\u0119dow\u0105 wsp\u00f3\u0142czesnej gospodarki. Jednak ich warto\u015b\u0107 jest wprost proporcjonalna do ich <strong>jako\u015bci<\/strong>. Zapewnienie, \u017ce dane s\u0105 kompletne, dok\u0142adne, sp\u00f3jne, aktualne i unikalne, jest priorytetem.<\/p>\n\n\n\n<p class=\"has-text-align-center\">Oferuj\u0119 kompleksowe podej\u015bcie do Data Quality, przekszta\u0142caj\u0105c Twoje \u015brodowisko danych z reaktywnego (gaszenie po\u017car\u00f3w) na <strong>proaktywne<\/strong> (zapobieganie problemom).<\/p>\n<\/div>\n<\/div>\n\n\n\n<p><\/p>\n\n\n\n<h3 class=\"wp-block-heading has-text-align-center\">Co to jest Data Quality i dlaczego jest kluczowe?<\/h3>\n\n\n\n<div class=\"wp-block-columns are-vertically-aligned-center is-layout-flex wp-container-core-columns-is-layout-28f84493 wp-block-columns-is-layout-flex\">\n<div class=\"wp-block-column is-vertically-aligned-center is-layout-flow wp-block-column-is-layout-flow\" style=\"flex-basis:33.33%\">\n<figure class=\"wp-block-image size-full\"><img loading=\"lazy\" decoding=\"async\" width=\"1024\" height=\"1024\" sizes=\"auto, (max-width: 253px) 100vw, 253px\" src=\"https:\/\/pinkos.pl\/wp-content\/uploads\/2025\/11\/reliability.png\" alt=\"\" class=\"wp-image-110\" srcset=\"https:\/\/pinkos.pl\/wp-content\/uploads\/2025\/11\/reliability.png 1024w, https:\/\/pinkos.pl\/wp-content\/uploads\/2025\/11\/reliability-300x300.png 300w, https:\/\/pinkos.pl\/wp-content\/uploads\/2025\/11\/reliability-150x150.png 150w, https:\/\/pinkos.pl\/wp-content\/uploads\/2025\/11\/reliability-768x768.png 768w\" \/><\/figure>\n<\/div>\n\n\n\n<div class=\"wp-block-column is-vertically-aligned-center is-layout-flow wp-block-column-is-layout-flow\" style=\"flex-basis:66.66%\">\n<p>Data Quality to zestaw metryk i proces\u00f3w, kt\u00f3re okre\u015blaj\u0105, w jakim stopniu dane s\u0105 odpowiednie do zamierzonego u\u017cycia. Niska jako\u015b\u0107 danych jest cichym, ale pot\u0119\u017cnym czynnikiem ryzyka, kt\u00f3ry obni\u017ca zyski, zwi\u0119ksza koszty operacyjne i podwa\u017ca zaufanie do firmy.<\/p>\n<\/div>\n<\/div>\n\n\n\n<p><\/p>\n\n\n\n<h3 class=\"wp-block-heading has-text-align-center\">Konsekwencje Niskiej Jako\u015bci Danych<\/h3>\n\n\n\n<div class=\"wp-block-columns is-layout-flex wp-container-core-columns-is-layout-28f84493 wp-block-columns-is-layout-flex\">\n<div class=\"wp-block-column is-layout-flow wp-block-column-is-layout-flow\" style=\"flex-basis:33.33%\">\n<figure class=\"wp-block-image size-full\"><img loading=\"lazy\" decoding=\"async\" width=\"1024\" height=\"1024\" sizes=\"auto, (max-width: 253px) 100vw, 253px\" src=\"https:\/\/pinkos.pl\/wp-content\/uploads\/2025\/11\/poor_data_quality.png\" alt=\"\" class=\"wp-image-111\" srcset=\"https:\/\/pinkos.pl\/wp-content\/uploads\/2025\/11\/poor_data_quality.png 1024w, https:\/\/pinkos.pl\/wp-content\/uploads\/2025\/11\/poor_data_quality-300x300.png 300w, https:\/\/pinkos.pl\/wp-content\/uploads\/2025\/11\/poor_data_quality-150x150.png 150w, https:\/\/pinkos.pl\/wp-content\/uploads\/2025\/11\/poor_data_quality-768x768.png 768w\" \/><\/figure>\n<\/div>\n\n\n\n<div class=\"wp-block-column is-layout-flow wp-block-column-is-layout-flow\" style=\"flex-basis:66.66%\">\n<p class=\"has-text-align-center\">Brak wdro\u017conych standard\u00f3w Data Quality prowadzi do powa\u017cnych problem\u00f3w operacyjnych i strategicznych. Typowe przyk\u0142ady to:<\/p>\n\n\n\n<ul class=\"wp-block-list\">\n<li><strong>B\u0142\u0119dne Raportowanie:<\/strong> Niekompletne lub zdublowane rekordy klient\u00f3w mog\u0105 prowadzi\u0107 do zafa\u0142szowanych raport\u00f3w sprzeda\u017cowych, co skutkuje nieprawid\u0142ow\u0105 alokacj\u0105 bud\u017cet\u00f3w.<\/li>\n\n\n\n<li><strong>Kary Regulacyjne (Compliance):<\/strong> Brak sp\u00f3jno\u015bci i aktualno\u015bci danych klienta (np. adres\u00f3w, identyfikator\u00f3w) mo\u017ce narazi\u0107 firm\u0119 na powa\u017cne konsekwencje prawne i finansowe w sektorach regulowanych.<\/li>\n\n\n\n<li><strong>Niepowodzenie Modeli AI\/ML:<\/strong> Modele uczenia maszynowego wytrenowane na zanieczyszczonych lub tendencyjnych danych b\u0119d\u0105 generowa\u0107 niepoprawne prognozy i decyzje, bezpo\u015brednio wp\u0142ywaj\u0105c na jako\u015b\u0107 us\u0142ug.<\/li>\n\n\n\n<li><strong>Nieefektywno\u015b\u0107 Operacyjna:<\/strong> Zespo\u0142y operacyjne trac\u0105 czas na r\u0119czne poprawianie b\u0142\u0119d\u00f3w, szukanie poprawnych informacji i godzenie niesp\u00f3jnych zbior\u00f3w danych, zamiast skupi\u0107 si\u0119 na innowacjach.<\/li>\n<\/ul>\n<\/div>\n<\/div>\n","protected":false},"excerpt":{"rendered":"<p>Niezawodno\u015b\u0107 jako Fundament Decyzji Biznesowych Dane stanowi\u0105 si\u0142\u0119 nap\u0119dow\u0105 wsp\u00f3\u0142czesnej gospodarki. Jednak ich warto\u015b\u0107 jest wprost proporcjonalna do ich jako\u015bci. Zapewnienie, \u017ce dane s\u0105 kompletne, dok\u0142adne, sp\u00f3jne, aktualne i unikalne, jest priorytetem. Oferuj\u0119 kompleksowe podej\u015bcie do Data Quality, przekszta\u0142caj\u0105c Twoje \u015brodowisko danych z reaktywnego (gaszenie po\u017car\u00f3w) na proaktywne (zapobieganie problemom). Co to jest Data Quality [&hellip;]<\/p>\n","protected":false},"author":2,"featured_media":0,"parent":0,"menu_order":0,"comment_status":"closed","ping_status":"closed","template":"","meta":{"footnotes":""},"class_list":["post-52","page","type-page","status-publish","hentry"],"_links":{"self":[{"href":"https:\/\/pinkos.pl\/index.php\/wp-json\/wp\/v2\/pages\/52","targetHints":{"allow":["GET"]}}],"collection":[{"href":"https:\/\/pinkos.pl\/index.php\/wp-json\/wp\/v2\/pages"}],"about":[{"href":"https:\/\/pinkos.pl\/index.php\/wp-json\/wp\/v2\/types\/page"}],"author":[{"embeddable":true,"href":"https:\/\/pinkos.pl\/index.php\/wp-json\/wp\/v2\/users\/2"}],"replies":[{"embeddable":true,"href":"https:\/\/pinkos.pl\/index.php\/wp-json\/wp\/v2\/comments?post=52"}],"version-history":[{"count":4,"href":"https:\/\/pinkos.pl\/index.php\/wp-json\/wp\/v2\/pages\/52\/revisions"}],"predecessor-version":[{"id":164,"href":"https:\/\/pinkos.pl\/index.php\/wp-json\/wp\/v2\/pages\/52\/revisions\/164"}],"wp:attachment":[{"href":"https:\/\/pinkos.pl\/index.php\/wp-json\/wp\/v2\/media?parent=52"}],"curies":[{"name":"wp","href":"https:\/\/api.w.org\/{rel}","templated":true}]}}