{"id":55,"date":"2025-11-13T18:54:47","date_gmt":"2025-11-13T17:54:47","guid":{"rendered":"https:\/\/pinkos.pl\/?page_id=55"},"modified":"2025-11-15T19:41:40","modified_gmt":"2025-11-15T18:41:40","slug":"automatyzacja-procesow-biznesowych","status":"publish","type":"page","link":"https:\/\/pinkos.pl\/index.php\/automatyzacja-procesow-biznesowych\/","title":{"rendered":"Automatyzacja proces\u00f3w Biznesowych"},"content":{"rendered":"\n<p><\/p>\n\n\n\n<h2 class=\"wp-block-heading has-text-align-center\">Transformacja Operacyjna dzi\u0119ki Inteligentnej Automatyzacji<\/h2>\n\n\n\n<div class=\"wp-block-columns is-layout-flex wp-container-core-columns-is-layout-28f84493 wp-block-columns-is-layout-flex\">\n<div class=\"wp-block-column is-layout-flow wp-block-column-is-layout-flow\" style=\"flex-basis:33.33%\">\n<figure class=\"wp-block-image size-full\"><img loading=\"lazy\" decoding=\"async\" width=\"1024\" height=\"1024\" sizes=\"auto, (max-width: 253px) 100vw, 253px\" src=\"https:\/\/pinkos.pl\/wp-content\/uploads\/2025\/11\/business_automatisation.png\" alt=\"\" class=\"wp-image-70\" srcset=\"https:\/\/pinkos.pl\/wp-content\/uploads\/2025\/11\/business_automatisation.png 1024w, https:\/\/pinkos.pl\/wp-content\/uploads\/2025\/11\/business_automatisation-300x300.png 300w, https:\/\/pinkos.pl\/wp-content\/uploads\/2025\/11\/business_automatisation-150x150.png 150w, https:\/\/pinkos.pl\/wp-content\/uploads\/2025\/11\/business_automatisation-768x768.png 768w\" \/><\/figure>\n<\/div>\n\n\n\n<div class=\"wp-block-column is-vertically-aligned-center is-layout-flow wp-block-column-is-layout-flow\" style=\"flex-basis:66.66%\">\n<p class=\"has-text-align-center\">Automatyzacja to kolejny, naturalny krok po in\u017cynierii danych. O ile Data Engineering tworzy niezawodny fundament danych, o tyle automatyzacja <strong>wykorzystuje te dane<\/strong> do eliminacji powtarzalnych zada\u0144, przyspieszania decyzji i skalowania operacji bez konieczno\u015bci zwi\u0119kszania zasob\u00f3w ludzkich.<\/p>\n<\/div>\n<\/div>\n\n\n\n<h3 class=\"wp-block-heading has-text-align-center\">Wykorzystaj lepiej sw\u00f3j czas<\/h3>\n\n\n\n<div class=\"wp-block-columns is-layout-flex wp-container-core-columns-is-layout-28f84493 wp-block-columns-is-layout-flex\">\n<div class=\"wp-block-column is-layout-flow wp-block-column-is-layout-flow\" style=\"flex-basis:33.33%\">\n<figure class=\"wp-block-image size-full\"><img loading=\"lazy\" decoding=\"async\" width=\"1024\" height=\"1024\" sizes=\"auto, (max-width: 253px) 100vw, 253px\" src=\"https:\/\/pinkos.pl\/wp-content\/uploads\/2025\/11\/automatisation_decision_impovement.png\" alt=\"\" class=\"wp-image-115\" srcset=\"https:\/\/pinkos.pl\/wp-content\/uploads\/2025\/11\/automatisation_decision_impovement.png 1024w, https:\/\/pinkos.pl\/wp-content\/uploads\/2025\/11\/automatisation_decision_impovement-300x300.png 300w, https:\/\/pinkos.pl\/wp-content\/uploads\/2025\/11\/automatisation_decision_impovement-150x150.png 150w, https:\/\/pinkos.pl\/wp-content\/uploads\/2025\/11\/automatisation_decision_impovement-768x768.png 768w\" \/><\/figure>\n<\/div>\n\n\n\n<div class=\"wp-block-column is-vertically-aligned-center is-layout-flow wp-block-column-is-layout-flow\" style=\"flex-basis:66.66%\">\n<p class=\"has-text-align-center\">Wdr\u00f3\u017c automatyzacj\u0119 w kluczowych obszarach, takich jak:<\/p>\n\n\n\n<ul class=\"wp-block-list\">\n<li><strong>Integracja System\u00f3w (System Integration):<\/strong> \u0141\u0105czenie rozproszonych aplikacji (CRM, ERP, narz\u0119dzia analityczne) w jeden sp\u00f3jny ekosystem.<\/li>\n\n\n\n<li><strong>Automatyzacja Decyzji:<\/strong> Wdra\u017canie regu\u0142 biznesowych, kt\u00f3re automatycznie wyzwalaj\u0105 akcje.<\/li>\n\n\n\n<li><strong>Wydajno\u015b\u0107 Proces\u00f3w (Workflow Optimization):<\/strong> Przekszta\u0142canie powolnych, manualnych proces\u00f3w w szybkie, bezb\u0142\u0119dne i monitorowane cykle automatyczne.<\/li>\n<\/ul>\n<\/div>\n<\/div>\n\n\n\n<h3 class=\"wp-block-heading has-text-align-center\">Integracja z Agentami AI<\/h3>\n\n\n\n<div class=\"wp-block-columns is-layout-flex wp-container-core-columns-is-layout-28f84493 wp-block-columns-is-layout-flex\">\n<div class=\"wp-block-column is-layout-flow wp-block-column-is-layout-flow\" style=\"flex-basis:33.33%\">\n<figure class=\"wp-block-image size-full\"><img loading=\"lazy\" decoding=\"async\" width=\"1024\" height=\"1024\" sizes=\"auto, (max-width: 253px) 100vw, 253px\" src=\"https:\/\/pinkos.pl\/wp-content\/uploads\/2025\/11\/integration_with_AI_agents.png\" alt=\"\" class=\"wp-image-116\" srcset=\"https:\/\/pinkos.pl\/wp-content\/uploads\/2025\/11\/integration_with_AI_agents.png 1024w, https:\/\/pinkos.pl\/wp-content\/uploads\/2025\/11\/integration_with_AI_agents-300x300.png 300w, https:\/\/pinkos.pl\/wp-content\/uploads\/2025\/11\/integration_with_AI_agents-150x150.png 150w, https:\/\/pinkos.pl\/wp-content\/uploads\/2025\/11\/integration_with_AI_agents-768x768.png 768w\" \/><\/figure>\n<\/div>\n\n\n\n<div class=\"wp-block-column is-vertically-aligned-center is-layout-flow wp-block-column-is-layout-flow\" style=\"flex-basis:66.66%\">\n<p class=\"has-text-align-center\">Zintegruj zaawansowane mo\u017cliwo\u015bci sztucznej inteligencji bezpo\u015brednio z procesami biznesowymi. Klient zyskuje agent\u00f3w AI, kt\u00f3rzy dzia\u0142aj\u0105 w pe\u0142ni automatycznie. Przyk\u0142adowe integracje obejmuj\u0105:<\/p>\n\n\n\n<ul class=\"wp-block-list\">\n<li><strong>OpenAI GPT:<\/strong> Automatyczne generowanie podsumowa\u0144 spotka\u0144, tworzenie tre\u015bci marketingowych lub klasyfikacja zg\u0142osze\u0144 od klient\u00f3w.<\/li>\n\n\n\n<li><strong>Google Gemini (lub inne modele Google Cloud AI):<\/strong> Analiza sentymentu w czasie rzeczywistym, t\u0142umaczenie dokument\u00f3w lub przetwarzanie mowy.<\/li>\n\n\n\n<li><strong>Claude (Anthropic):<\/strong> Zaawansowane przetwarzanie du\u017cych dokument\u00f3w i generowanie kreatywnych odpowiedzi na zapytania biznesowe.<\/li>\n<\/ul>\n<\/div>\n<\/div>\n\n\n\n<p><\/p>\n\n\n\n<h3 class=\"wp-block-heading has-text-align-center\">Przyk\u0142ady Automatyzacji w R\u00f3\u017cnych Bran\u017cach<\/h3>\n\n\n\n<p class=\"has-text-align-center\">Inteligentna automatyzacja transformuje operacje w ka\u017cdym sektorze:<\/p>\n\n\n\n<figure class=\"wp-block-table\"><table class=\"has-fixed-layout\"><tbody><tr><th class=\"has-text-align-center\" data-align=\"center\">Bran\u017ca<\/th><th class=\"has-text-align-center\" data-align=\"center\">Zautomatyzowany Proces<\/th><th class=\"has-text-align-center\" data-align=\"center\">Korzy\u015bci<\/th><\/tr><tr><td class=\"has-text-align-center\" data-align=\"center\"><strong>E-commerce<\/strong><\/td><td class=\"has-text-align-center\" data-align=\"center\"><strong>Automatyzacja logistyki zwrot\u00f3w:<\/strong> Wyzwalanie zlece\u0144 odbioru kuriera i powiadomie\u0144 o statusie po zmianie statusu w systemie ERP\/CRM.<\/td><td class=\"has-text-align-center\" data-align=\"center\">Redukcja koszt\u00f3w obs\u0142ugi klienta i przyspieszenie procesu zwrotu \u015brodk\u00f3w.<\/td><\/tr><tr><td class=\"has-text-align-center\" data-align=\"center\"><strong>Telekomunikacja<\/strong><\/td><td class=\"has-text-align-center\" data-align=\"center\"><strong>Automatyczne monitorowanie SLA:<\/strong> Wykrywanie przekrocze\u0144 wska\u017anik\u00f3w jako\u015bci us\u0142ug (SLA) w czasie rzeczywistym i automatyczne tworzenie zg\u0142oszenia P1 w systemie technicznym.<\/td><td class=\"has-text-align-center\" data-align=\"center\">Minimalizacja kar umownych i utrzymanie wysokiego poziomu serwisu.<\/td><\/tr><tr><td class=\"has-text-align-center\" data-align=\"center\"><strong>Finanse\/Bankowo\u015b\u0107<\/strong><\/td><td class=\"has-text-align-center\" data-align=\"center\"><strong>Automatyczna weryfikacja dokument\u00f3w:<\/strong> Wykorzystanie AI do ekstrakcji i weryfikacji danych z dokument\u00f3w to\u017csamo\u015bci po przes\u0142aniu ich przez klienta.<\/td><td class=\"has-text-align-center\" data-align=\"center\">Zgodno\u015b\u0107 z regulacjami i skr\u00f3cenie czasu onboardingu klienta.<\/td><\/tr><tr><td class=\"has-text-align-center\" data-align=\"center\"><strong>Opieka Zdrowotna \/ Us\u0142ugi<\/strong><\/td><td class=\"has-text-align-center\" data-align=\"center\"><strong>Automatyczne zarz\u0105dzanie wizytami:<\/strong> Synchronizacja dost\u0119pno\u015bci lekarzy\/specjalist\u00f3w w kalendarzu, wysy\u0142ka przypomnie\u0144 SMS\/e-mail do klient\u00f3w\/pacjent\u00f3w oraz automatyczne uzupe\u0142nianie danych w systemie CRM po um\u00f3wieniu.<\/td><td class=\"has-text-align-center\" data-align=\"center\">Redukcja nieobecno\u015bci (no-show), optymalizacja ob\u0142o\u017cenia kalendarza i poprawa do\u015bwiadczenia klienta.<\/td><\/tr><tr><td class=\"has-text-align-center\" data-align=\"center\"><strong>HR \/ Rekrutacja<\/strong><\/td><td class=\"has-text-align-center\" data-align=\"center\"><strong>Selekcja CV:<\/strong> Automatyczne parsowanie CV, klasyfikacja kandydat\u00f3w pod k\u0105tem kluczowych umiej\u0119tno\u015bci (za pomoc\u0105 AI) i przeniesienie tylko dopasowanych profili do systemu ATS.<\/td><td class=\"has-text-align-center\" data-align=\"center\">Oszcz\u0119dno\u015b\u0107 czasu rekruter\u00f3w i szybsze zatrudnianie.<\/td><\/tr><\/tbody><\/table><\/figure>\n","protected":false},"excerpt":{"rendered":"<p>Transformacja Operacyjna dzi\u0119ki Inteligentnej Automatyzacji Automatyzacja to kolejny, naturalny krok po in\u017cynierii danych. O ile Data Engineering tworzy niezawodny fundament danych, o tyle automatyzacja wykorzystuje te dane do eliminacji powtarzalnych zada\u0144, przyspieszania decyzji i skalowania operacji bez konieczno\u015bci zwi\u0119kszania zasob\u00f3w ludzkich. Wykorzystaj lepiej sw\u00f3j czas Wdr\u00f3\u017c automatyzacj\u0119 w kluczowych obszarach, takich jak: Integracja z Agentami [&hellip;]<\/p>\n","protected":false},"author":2,"featured_media":0,"parent":0,"menu_order":0,"comment_status":"closed","ping_status":"closed","template":"","meta":{"footnotes":""},"class_list":["post-55","page","type-page","status-publish","hentry"],"_links":{"self":[{"href":"https:\/\/pinkos.pl\/index.php\/wp-json\/wp\/v2\/pages\/55","targetHints":{"allow":["GET"]}}],"collection":[{"href":"https:\/\/pinkos.pl\/index.php\/wp-json\/wp\/v2\/pages"}],"about":[{"href":"https:\/\/pinkos.pl\/index.php\/wp-json\/wp\/v2\/types\/page"}],"author":[{"embeddable":true,"href":"https:\/\/pinkos.pl\/index.php\/wp-json\/wp\/v2\/users\/2"}],"replies":[{"embeddable":true,"href":"https:\/\/pinkos.pl\/index.php\/wp-json\/wp\/v2\/comments?post=55"}],"version-history":[{"count":3,"href":"https:\/\/pinkos.pl\/index.php\/wp-json\/wp\/v2\/pages\/55\/revisions"}],"predecessor-version":[{"id":119,"href":"https:\/\/pinkos.pl\/index.php\/wp-json\/wp\/v2\/pages\/55\/revisions\/119"}],"wp:attachment":[{"href":"https:\/\/pinkos.pl\/index.php\/wp-json\/wp\/v2\/media?parent=55"}],"curies":[{"name":"wp","href":"https:\/\/api.w.org\/{rel}","templated":true}]}}