{"id":63,"date":"2025-11-13T19:54:48","date_gmt":"2025-11-13T18:54:48","guid":{"rendered":"https:\/\/pinkos.pl\/?page_id=63"},"modified":"2025-11-15T19:11:10","modified_gmt":"2025-11-15T18:11:10","slug":"uslugi","status":"publish","type":"page","link":"https:\/\/pinkos.pl\/index.php\/uslugi\/","title":{"rendered":"Us\u0142ugi"},"content":{"rendered":"\n<h1 class=\"wp-block-heading\"><\/h1>\n\n\n\n<p class=\"has-text-align-center\">\u015awiadczymy us\u0142ugi na przeci\u0119ciu <strong>Data Engineering<\/strong>, <strong>Data Quality<\/strong> i <strong>Automatyzacji Proces\u00f3w Biznesowych<\/strong>, tworz\u0105c solidny i inteligentny fundament dla Twojej organizacji. Nasza ekspertyza pozwala przekszta\u0142ca\u0107 surowe dane w skalowaln\u0105 warto\u015b\u0107 biznesow\u0105, zwi\u0119kszaj\u0105c zaufanie do analityki i maksymalizuj\u0105c wydajno\u015b\u0107 operacyjn\u0105.<\/p>\n\n\n\n<p><\/p>\n\n\n\n<h2 class=\"wp-block-heading has-text-align-center\"><a href=\"https:\/\/pinkos.pl\/index.php\/data-engineering\/\" data-type=\"page\" data-id=\"46\">Data Engineering: Fundament Danych<\/a><\/h2>\n\n\n\n<div class=\"wp-block-columns is-layout-flex wp-container-core-columns-is-layout-28f84493 wp-block-columns-is-layout-flex\">\n<div class=\"wp-block-column is-layout-flow wp-block-column-is-layout-flow\" style=\"flex-basis:33.33%\">\n<figure class=\"wp-block-image size-full\"><img loading=\"lazy\" decoding=\"async\" width=\"1024\" height=\"1024\" sizes=\"auto, (max-width: 253px) 100vw, 253px\" src=\"https:\/\/pinkos.pl\/wp-content\/uploads\/2025\/11\/data_engineering.png\" alt=\"\" class=\"wp-image-72\" srcset=\"https:\/\/pinkos.pl\/wp-content\/uploads\/2025\/11\/data_engineering.png 1024w, https:\/\/pinkos.pl\/wp-content\/uploads\/2025\/11\/data_engineering-300x300.png 300w, https:\/\/pinkos.pl\/wp-content\/uploads\/2025\/11\/data_engineering-150x150.png 150w, https:\/\/pinkos.pl\/wp-content\/uploads\/2025\/11\/data_engineering-768x768.png 768w\" \/><\/figure>\n<\/div>\n\n\n\n<div class=\"wp-block-column is-vertically-aligned-center is-layout-flow wp-container-core-column-is-layout-f8561097 wp-block-column-is-layout-flow\" style=\"padding-top:0;padding-right:0;padding-bottom:0;padding-left:0;flex-basis:66.66%\">\n<p class=\"has-text-align-center\">Projektujemy i wdra\u017camy skalowalne architektury danych (Batch, Streaming) w \u015brodowiskach chmurowych <strong>GCP<\/strong> i <strong>MS Azure<\/strong>. Budujemy niezawodne potoki ETL\/ELT oparte o technologie <strong>BigQuery<\/strong>, <strong>Databricks<\/strong>, <strong>Spark<\/strong>, <strong>Kafka<\/strong> i <strong>Apache Beam<\/strong>, <strong>Airflow<\/strong>, kt\u00f3re zapewniaj\u0105 szybki i ci\u0105g\u0142y dost\u0119p do informacji, stanowi\u0105c kr\u0119gos\u0142up dla ka\u017cdej inicjatywy analitycznej.<\/p>\n<\/div>\n<\/div>\n\n\n\n<h2 class=\"wp-block-heading has-text-align-center\"><a href=\"https:\/\/pinkos.pl\/index.php\/data-quality\/\" data-type=\"page\" data-id=\"52\">Data Quality: Wiarygodno\u015b\u0107 Informacji<\/a><\/h2>\n\n\n\n<div class=\"wp-block-columns is-layout-flex wp-container-core-columns-is-layout-28f84493 wp-block-columns-is-layout-flex\">\n<div class=\"wp-block-column is-layout-flow wp-block-column-is-layout-flow\" style=\"flex-basis:33.33%\">\n<figure class=\"wp-block-image size-full\"><img loading=\"lazy\" decoding=\"async\" width=\"1024\" height=\"1024\" sizes=\"auto, (max-width: 253px) 100vw, 253px\" src=\"https:\/\/pinkos.pl\/wp-content\/uploads\/2025\/11\/data_quality.png\" alt=\"\" class=\"wp-image-71\" srcset=\"https:\/\/pinkos.pl\/wp-content\/uploads\/2025\/11\/data_quality.png 1024w, https:\/\/pinkos.pl\/wp-content\/uploads\/2025\/11\/data_quality-300x300.png 300w, https:\/\/pinkos.pl\/wp-content\/uploads\/2025\/11\/data_quality-150x150.png 150w, https:\/\/pinkos.pl\/wp-content\/uploads\/2025\/11\/data_quality-768x768.png 768w\" \/><\/figure>\n<\/div>\n\n\n\n<div class=\"wp-block-column is-vertically-aligned-center is-layout-flow wp-block-column-is-layout-flow\" style=\"flex-basis:66.66%\">\n<p class=\"has-text-align-center\">Wdra\u017camy proaktywne mechanizmy weryfikacji i walidacji danych, kt\u00f3re gwarantuj\u0105, \u017ce dane s\u0105 dok\u0142adne, kompletne i sp\u00f3jne. Wykorzystujemy zaawansowane frameworki, takie jak <strong>Great Expectations<\/strong> i <strong>Deequ<\/strong>, aby minimalizowa\u0107 ryzyko b\u0142\u0119dnych decyzji, zapewniaj\u0105c pe\u0142ne zaufanie do raport\u00f3w i modeli analitycznych.<\/p>\n<\/div>\n<\/div>\n\n\n\n<h2 class=\"wp-block-heading has-text-align-center\"><a href=\"https:\/\/pinkos.pl\/index.php\/automatyzacja-procesow-biznesowych\/\" data-type=\"page\" data-id=\"55\">Automatyzacja Proces\u00f3w: Akcja i Efektywno\u015b\u0107<\/a><\/h2>\n\n\n\n<div class=\"wp-block-columns are-vertically-aligned-center is-layout-flex wp-container-core-columns-is-layout-28f84493 wp-block-columns-is-layout-flex\">\n<div class=\"wp-block-column is-vertically-aligned-center is-layout-flow wp-block-column-is-layout-flow\" style=\"flex-basis:33.33%\">\n<figure class=\"wp-block-image size-full\"><img loading=\"lazy\" decoding=\"async\" width=\"1024\" height=\"1024\" sizes=\"auto, (max-width: 253px) 100vw, 253px\" src=\"https:\/\/pinkos.pl\/wp-content\/uploads\/2025\/11\/business_automatisation.png\" alt=\"\" class=\"wp-image-70\" srcset=\"https:\/\/pinkos.pl\/wp-content\/uploads\/2025\/11\/business_automatisation.png 1024w, https:\/\/pinkos.pl\/wp-content\/uploads\/2025\/11\/business_automatisation-300x300.png 300w, https:\/\/pinkos.pl\/wp-content\/uploads\/2025\/11\/business_automatisation-150x150.png 150w, https:\/\/pinkos.pl\/wp-content\/uploads\/2025\/11\/business_automatisation-768x768.png 768w\" \/><\/figure>\n<\/div>\n\n\n\n<div class=\"wp-block-column is-vertically-aligned-center is-layout-flow wp-block-column-is-layout-flow\" style=\"flex-basis:66.66%\">\n<p class=\"has-text-align-center\">\u0141\u0105czymy \u015bwiat danych z operacjami biznesowymi, eliminuj\u0105c powtarzalne, manualne zadania. Wykorzystujemy narz\u0119dzia takie jak <strong>n8n<\/strong> do orkiestracji z\u0142o\u017conych proces\u00f3w, integruj\u0105c je z danymi i agentami <strong>AI<\/strong> (np. OpenAI, Gemini, GPT itd) w celu automatycznego wyzwalania akcji i optymalizacji operacyjnej w czasie rzeczywistym.<\/p>\n<\/div>\n<\/div>\n\n\n\n<hr class=\"wp-block-separator has-alpha-channel-opacity\"\/>\n\n\n\n<p><\/p>\n","protected":false},"excerpt":{"rendered":"<p>\u015awiadczymy us\u0142ugi na przeci\u0119ciu Data Engineering, Data Quality i Automatyzacji Proces\u00f3w Biznesowych, tworz\u0105c solidny i inteligentny fundament dla Twojej organizacji. Nasza ekspertyza pozwala przekszta\u0142ca\u0107 surowe dane w skalowaln\u0105 warto\u015b\u0107 biznesow\u0105, zwi\u0119kszaj\u0105c zaufanie do analityki i maksymalizuj\u0105c wydajno\u015b\u0107 operacyjn\u0105. Data Engineering: Fundament Danych Projektujemy i wdra\u017camy skalowalne architektury danych (Batch, Streaming) w \u015brodowiskach chmurowych GCP i [&hellip;]<\/p>\n","protected":false},"author":2,"featured_media":0,"parent":0,"menu_order":0,"comment_status":"closed","ping_status":"closed","template":"","meta":{"footnotes":""},"class_list":["post-63","page","type-page","status-publish","hentry"],"_links":{"self":[{"href":"https:\/\/pinkos.pl\/index.php\/wp-json\/wp\/v2\/pages\/63","targetHints":{"allow":["GET"]}}],"collection":[{"href":"https:\/\/pinkos.pl\/index.php\/wp-json\/wp\/v2\/pages"}],"about":[{"href":"https:\/\/pinkos.pl\/index.php\/wp-json\/wp\/v2\/types\/page"}],"author":[{"embeddable":true,"href":"https:\/\/pinkos.pl\/index.php\/wp-json\/wp\/v2\/users\/2"}],"replies":[{"embeddable":true,"href":"https:\/\/pinkos.pl\/index.php\/wp-json\/wp\/v2\/comments?post=63"}],"version-history":[{"count":9,"href":"https:\/\/pinkos.pl\/index.php\/wp-json\/wp\/v2\/pages\/63\/revisions"}],"predecessor-version":[{"id":108,"href":"https:\/\/pinkos.pl\/index.php\/wp-json\/wp\/v2\/pages\/63\/revisions\/108"}],"wp:attachment":[{"href":"https:\/\/pinkos.pl\/index.php\/wp-json\/wp\/v2\/media?parent=63"}],"curies":[{"name":"wp","href":"https:\/\/api.w.org\/{rel}","templated":true}]}}